{"id":58,"date":"2014-05-26T11:51:42","date_gmt":"2014-05-26T09:51:42","guid":{"rendered":"http:\/\/www.rogiamstore.com\/blog\/?page_id=58"},"modified":"2017-06-05T16:32:48","modified_gmt":"2017-06-05T14:32:48","slug":"contatti","status":"publish","type":"page","link":"https:\/\/www.rogiamstore.com\/blog\/contatti\/","title":{"rendered":"Contatti"},"content":{"rendered":"<h2>Hai bisogno di assistenza?<\/h2>\n<ul>\n<li><strong>Telefono<\/strong>: (+39) 080 3856128<\/li>\n<li><strong>Cellulare<\/strong>: (+39) 366 6256182<\/li>\n<li><strong>Fax<\/strong>: 080 3856128<\/li>\n<li><strong>Email<\/strong>: info@rogiamstore.com<\/li>\n<\/ul>\n<p>Ti ricordiamo che il servizio di assistenza telefonica \u00e8 attivo dal <strong>luned\u00ec al venerd\u00ec<\/strong>, dalle ore 08:30 alle 13.00 e dal lunedi al mercoledi dalle \u00a014.00 alle 17.00.<\/p>\n","protected":false},"excerpt":{"rendered":"<p>Hai bisogno di assistenza? Telefono: (+39) 080 3856128 Cellulare: (+39) 366 6256182 Fax: 080 3856128 Email: info@rogiamstore.com Ti ricordiamo che il servizio di assistenza telefonica \u00e8 attivo dal luned\u00ec al venerd\u00ec, dalle ore 08:30 alle 13.00 e dal lunedi al mercoledi dalle \u00a014.00 alle 17.00.<\/p>\n","protected":false},"author":2,"featured_media":0,"parent":0,"menu_order":0,"comment_status":"closed","ping_status":"open","template":"","meta":{"_acf_changed":false,"footnotes":""},"class_list":["post-58","page","type-page","status-publish","hentry"],"acf":[],"_links":{"self":[{"href":"https:\/\/www.rogiamstore.com\/blog\/wp-json\/wp\/v2\/pages\/58","targetHints":{"allow":["GET"]}}],"collection":[{"href":"https:\/\/www.rogiamstore.com\/blog\/wp-json\/wp\/v2\/pages"}],"about":[{"href":"https:\/\/www.rogiamstore.com\/blog\/wp-json\/wp\/v2\/types\/page"}],"author":[{"embeddable":true,"href":"https:\/\/www.rogiamstore.com\/blog\/wp-json\/wp\/v2\/users\/2"}],"replies":[{"embeddable":true,"href":"https:\/\/www.rogiamstore.com\/blog\/wp-json\/wp\/v2\/comments?post=58"}],"version-history":[{"count":7,"href":"https:\/\/www.rogiamstore.com\/blog\/wp-json\/wp\/v2\/pages\/58\/revisions"}],"predecessor-version":[{"id":832,"href":"https:\/\/www.rogiamstore.com\/blog\/wp-json\/wp\/v2\/pages\/58\/revisions\/832"}],"wp:attachment":[{"href":"https:\/\/www.rogiamstore.com\/blog\/wp-json\/wp\/v2\/media?parent=58"}],"curies":[{"name":"wp","href":"https:\/\/api.w.org\/{rel}","templated":true}]}}